{"id":33215,"date":"2014-05-24T13:51:08","date_gmt":"2014-05-24T11:51:08","guid":{"rendered":"https:\/\/homzagency.com\/nutzungsbedingungen\/"},"modified":"2014-05-24T13:51:08","modified_gmt":"2014-05-24T11:51:08","slug":"nutzungsbedingungen","status":"publish","type":"page","link":"https:\/\/homzagency.com\/de\/nutzungsbedingungen\/","title":{"rendered":"Nutzungsbedingungen"},"content":{"rendered":"<p>Diese Datenschutzrichtlinie regelt die Art und Weise, in der das Real Estate WordPress Theme die von den Nutzern (jeweils ein &#8222;Nutzer&#8220;) der Website (&#8222;Website&#8220;) gesammelten Informationen sammelt, verwendet, pflegt und offenlegt. Diese Datenschutzrichtlinie gilt f\u00fcr die Website und alle von Real Estate WordPress Theme angebotenen Produkte und Dienstleistungen. <\/p>\n<p><b>Informationen zur pers\u00f6nlichen Identifikation<\/b><\/p>\n<p>Wir k\u00f6nnen pers\u00f6nliche Identifikationsdaten von Nutzern auf verschiedene Weise in Verbindung mit Aktivit\u00e4ten, Diensten, Funktionen oder Ressourcen, die wir auf unserer Website zur Verf\u00fcgung stellen, sammeln. Benutzer k\u00f6nnen unsere Website anonym besuchen. Wir sammeln personenbezogene Daten von Nutzern nur dann, wenn sie uns diese Daten freiwillig zur Verf\u00fcgung stellen. Sie k\u00f6nnen sich jederzeit weigern, personenbezogene Daten zu \u00fcbermitteln, allerdings kann dies dazu f\u00fchren, dass Sie nicht an bestimmten Aktivit\u00e4ten auf der Website teilnehmen k\u00f6nnen.<\/p>\n<p><b>Nicht-pers\u00f6nliche Identifikationsdaten<\/b><\/p>\n<p>Wir k\u00f6nnen nicht-personenbezogene Identifikationsdaten \u00fcber Benutzer sammeln, wenn diese mit unserer Website interagieren. Zu den nicht personenbezogenen Identifizierungsdaten geh\u00f6ren der Name des Browsers, die Art des Computers und technische Informationen \u00fcber die Art der Verbindung des Benutzers mit unserer Website, wie z. B. das Betriebssystem und die verwendeten Internetdienstanbieter sowie andere \u00e4hnliche Informationen. <\/p>\n<p><b>Webbrowser-Cookies<\/b><\/p>\n<p>Unsere Website kann &#8222;Cookies&#8220; verwenden, um die Benutzererfahrung zu verbessern. Der Webbrowser des Benutzers legt Cookies auf seiner Festplatte ab, um Daten zu speichern und manchmal auch, um Informationen \u00fcber ihn zu verfolgen. Sie k\u00f6nnen Ihren Webbrowser so einstellen, dass er Cookies ablehnt oder Sie warnt, wenn Cookies gesendet werden. Wenn sie dies tun, beachten Sie bitte, dass einige Teile der Website m\u00f6glicherweise nicht richtig funktionieren.   <\/p>\n<p><b>Wie wir Ihre Informationen sch\u00fctzen<\/b><\/p>\n<p>Wir wenden angemessene Verfahren zur Datenerfassung, -speicherung und -verarbeitung sowie Sicherheitsma\u00dfnahmen an, um Ihre pers\u00f6nlichen Daten, Ihren Benutzernamen, Ihr Passwort, Ihre Transaktionsdaten und die auf unserer Website gespeicherten Daten vor unbefugtem Zugriff, Ver\u00e4nderung, Offenlegung oder Zerst\u00f6rung zu sch\u00fctzen.<\/p>\n<p><b>Weitergabe Ihrer pers\u00f6nlichen Informationen<\/b><\/p>\n<p>Wir verkaufen, tauschen oder vermieten die pers\u00f6nlichen Daten der Benutzer nicht an Dritte. Wir k\u00f6nnen allgemeine, zusammengefasste demografische Daten, die nicht mit pers\u00f6nlichen Identifikationsdaten \u00fcber Besucher und Nutzer verkn\u00fcpft sind, zu den oben genannten Zwecken an unsere Gesch\u00e4ftspartner, vertrauensw\u00fcrdige Tochtergesellschaften und Werbetreibende weitergeben. <\/p>\n<p><b>\u00c4nderungen an dieser Datenschutzrichtlinie<\/b><\/p>\n<p>Real Estate WordPress Theme hat das Recht, diese Datenschutzrichtlinie jederzeit zu aktualisieren. Wenn wir dies tun, werden wir das aktualisierte Datum unten auf dieser Seite \u00e4ndern. Wir empfehlen unseren Nutzern, diese Seite regelm\u00e4\u00dfig auf \u00c4nderungen zu \u00fcberpr\u00fcfen, um dar\u00fcber informiert zu bleiben, wie wir zum Schutz der von uns erfassten pers\u00f6nlichen Daten beitragen. Sie erkennen an und stimmen zu, dass es in Ihrer Verantwortung liegt, diese Datenschutzrichtlinie regelm\u00e4\u00dfig zu \u00fcberpr\u00fcfen und sich \u00fcber \u00c4nderungen zu informieren.   <\/p>\n<p><b>Ihre Zustimmung zu diesen Bedingungen<\/b><\/p>\n<p>Durch die Nutzung dieser Website erkl\u00e4ren Sie Ihr Einverst\u00e4ndnis mit dieser Politik. Wenn Sie mit dieser Richtlinie nicht einverstanden sind, nutzen Sie unsere Website bitte nicht. Ihre fortgesetzte Nutzung der Website nach der Ver\u00f6ffentlichung von \u00c4nderungen an dieser Richtlinie wird als Ihre Zustimmung zu diesen \u00c4nderungen angesehen.  <\/p>\n","protected":false},"excerpt":{"rendered":"<p>Diese Datenschutzrichtlinie regelt die Art und Weise, in der das Real Estate WordPress Theme die von den Nutzern (jeweils ein &#8222;Nutzer&#8220;) der Website (&#8222;Website&#8220;) gesammelten Informationen sammelt, verwendet, pflegt und offenlegt. Diese Datenschutzrichtlinie gilt f\u00fcr die Website und alle von Real Estate WordPress Theme angebotenen Produkte und Dienstleistungen. Informationen zur pers\u00f6nlichen Identifikation Wir k\u00f6nnen pers\u00f6nliche Identifikationsdaten von Nutzern auf verschiedene Weise in Verbindung mit &#8230;<\/p>\n","protected":false},"author":1,"featured_media":0,"parent":0,"menu_order":0,"comment_status":"closed","ping_status":"closed","template":"page-templates\/terms_conditions.php","meta":{"content-type":"","inline_featured_image":false,"_monsterinsights_skip_tracking":false,"_monsterinsights_sitenote_active":false,"_monsterinsights_sitenote_note":"","_monsterinsights_sitenote_category":0,"footnotes":""},"class_list":["post-33215","page","type-page","status-publish","hentry"],"aioseo_notices":[],"_links":{"self":[{"href":"https:\/\/homzagency.com\/de\/wp-json\/wp\/v2\/pages\/33215","targetHints":{"allow":["GET"]}}],"collection":[{"href":"https:\/\/homzagency.com\/de\/wp-json\/wp\/v2\/pages"}],"about":[{"href":"https:\/\/homzagency.com\/de\/wp-json\/wp\/v2\/types\/page"}],"author":[{"embeddable":true,"href":"https:\/\/homzagency.com\/de\/wp-json\/wp\/v2\/users\/1"}],"replies":[{"embeddable":true,"href":"https:\/\/homzagency.com\/de\/wp-json\/wp\/v2\/comments?post=33215"}],"version-history":[{"count":0,"href":"https:\/\/homzagency.com\/de\/wp-json\/wp\/v2\/pages\/33215\/revisions"}],"wp:attachment":[{"href":"https:\/\/homzagency.com\/de\/wp-json\/wp\/v2\/media?parent=33215"}],"curies":[{"name":"wp","href":"https:\/\/api.w.org\/{rel}","templated":true}]}}