{"id":32165,"date":"2025-06-27T15:32:01","date_gmt":"2025-06-27T13:32:01","guid":{"rendered":"https:\/\/homzagency.com\/proprietes-a-vendre-2\/"},"modified":"2026-05-02T21:02:02","modified_gmt":"2026-05-02T19:02:02","slug":"proprietes-a-vendre-2","status":"publish","type":"page","link":"https:\/\/homzagency.com\/fr\/proprietes-a-vendre-2\/","title":{"rendered":"Propri\u00e9t\u00e9s \u00e0 vendre"},"content":{"rendered":"","protected":false},"excerpt":{"rendered":"","protected":false},"author":1,"featured_media":32166,"parent":0,"menu_order":0,"comment_status":"closed","ping_status":"closed","template":"page-templates\/property_list.php","meta":{"content-type":"","inline_featured_image":false,"_monsterinsights_skip_tracking":false,"_monsterinsights_sitenote_active":false,"_monsterinsights_sitenote_note":"","_monsterinsights_sitenote_category":0,"footnotes":""},"class_list":["post-32165","page","type-page","status-publish","has-post-thumbnail","hentry"],"aioseo_notices":[],"_links":{"self":[{"href":"https:\/\/homzagency.com\/fr\/wp-json\/wp\/v2\/pages\/32165","targetHints":{"allow":["GET"]}}],"collection":[{"href":"https:\/\/homzagency.com\/fr\/wp-json\/wp\/v2\/pages"}],"about":[{"href":"https:\/\/homzagency.com\/fr\/wp-json\/wp\/v2\/types\/page"}],"author":[{"embeddable":true,"href":"https:\/\/homzagency.com\/fr\/wp-json\/wp\/v2\/users\/1"}],"replies":[{"embeddable":true,"href":"https:\/\/homzagency.com\/fr\/wp-json\/wp\/v2\/comments?post=32165"}],"version-history":[{"count":1,"href":"https:\/\/homzagency.com\/fr\/wp-json\/wp\/v2\/pages\/32165\/revisions"}],"predecessor-version":[{"id":32168,"href":"https:\/\/homzagency.com\/fr\/wp-json\/wp\/v2\/pages\/32165\/revisions\/32168"}],"wp:featuredmedia":[{"embeddable":true,"href":"https:\/\/homzagency.com\/fr\/wp-json\/wp\/v2\/media\/32166"}],"wp:attachment":[{"href":"https:\/\/homzagency.com\/fr\/wp-json\/wp\/v2\/media?parent=32165"}],"curies":[{"name":"wp","href":"https:\/\/api.w.org\/{rel}","templated":true}]}}