{"id":33211,"date":"2014-05-24T13:51:08","date_gmt":"2014-05-24T11:51:08","guid":{"rendered":"https:\/\/homzagency.com\/termos-de-utilizacao\/"},"modified":"2014-05-24T13:51:08","modified_gmt":"2014-05-24T11:51:08","slug":"termos-de-utilizacao","status":"publish","type":"page","link":"https:\/\/homzagency.com\/pt-pt\/termos-de-utilizacao\/","title":{"rendered":"Termos de utiliza\u00e7\u00e3o"},"content":{"rendered":"<p>Esta Pol\u00edtica de Privacidade rege a forma como a Real Estate WordPress Theme recolhe, utiliza, mant\u00e9m e divulga as informa\u00e7\u00f5es recolhidas dos utilizadores (cada um, um &#8220;Utilizador&#8221;) do site (&#8220;Site&#8221;). Esta pol\u00edtica de privacidade aplica-se ao Site e a todos os produtos e servi\u00e7os oferecidos pela Real Estate WordPress Theme. <\/p>\n<p><b>Informa\u00e7\u00f5es de identifica\u00e7\u00e3o pessoal<\/b><\/p>\n<p>Podemos recolher informa\u00e7\u00f5es de identifica\u00e7\u00e3o pessoal dos Utilizadores de v\u00e1rias formas relacionadas com actividades, servi\u00e7os, carater\u00edsticas ou recursos que disponibilizamos no nosso Site. Os Utilizadores podem visitar o nosso S\u00edtio de forma an\u00f3nima. S\u00f3 recolheremos informa\u00e7\u00f5es de identifica\u00e7\u00e3o pessoal dos Utilizadores se estes nos fornecerem voluntariamente essas informa\u00e7\u00f5es. Os utilizadores podem sempre recusar-se a fornecer informa\u00e7\u00f5es de identifica\u00e7\u00e3o pessoal, exceto se isso os impedir de participar em determinadas actividades relacionadas com o S\u00edtio.<\/p>\n<p><b>Informa\u00e7\u00f5es de identifica\u00e7\u00e3o n\u00e3o pessoais<\/b><\/p>\n<p>Podemos recolher informa\u00e7\u00f5es de identifica\u00e7\u00e3o n\u00e3o pessoais sobre os Utilizadores sempre que estes interagem com o nosso Site. As informa\u00e7\u00f5es de identifica\u00e7\u00e3o n\u00e3o pessoais podem incluir o nome do browser, o tipo de computador e informa\u00e7\u00f5es t\u00e9cnicas sobre os meios de liga\u00e7\u00e3o dos Utilizadores ao nosso Site, tais como o sistema operativo e os fornecedores de servi\u00e7os de Internet utilizados e outras informa\u00e7\u00f5es semelhantes. <\/p>\n<p><b>Cookies do navegador Web<\/b><\/p>\n<p>O nosso Site pode utilizar &#8220;cookies&#8221; para melhorar a experi\u00eancia do Utilizador. O browser do Utilizador coloca cookies no seu disco r\u00edgido para fins de manuten\u00e7\u00e3o de registos e, por vezes, para rastrear informa\u00e7\u00f5es sobre ele. O Utilizador pode optar por configurar o seu navegador Web para recusar cookies ou para o alertar quando os cookies est\u00e3o a ser enviados. Se o fizer, tem em aten\u00e7\u00e3o que algumas partes do S\u00edtio podem n\u00e3o funcionar corretamente.   <\/p>\n<p><b>Como protegemos as tuas informa\u00e7\u00f5es<\/b><\/p>\n<p>Adoptamos pr\u00e1ticas adequadas de recolha, armazenamento e processamento de dados e medidas de seguran\u00e7a para proteger contra o acesso n\u00e3o autorizado, a altera\u00e7\u00e3o, a divulga\u00e7\u00e3o ou a destrui\u00e7\u00e3o das tuas informa\u00e7\u00f5es pessoais, nome de utilizador, palavra-passe, informa\u00e7\u00f5es sobre transac\u00e7\u00f5es e dados armazenados no nosso Site.<\/p>\n<p><b>Partilhar as tuas informa\u00e7\u00f5es pessoais<\/b><\/p>\n<p>N\u00e3o vendemos, trocamos ou alugamos informa\u00e7\u00f5es de identifica\u00e7\u00e3o pessoal dos utilizadores a terceiros. Podemos partilhar informa\u00e7\u00f5es demogr\u00e1ficas agregadas gen\u00e9ricas n\u00e3o associadas a quaisquer informa\u00e7\u00f5es de identifica\u00e7\u00e3o pessoal relativas a visitantes e utilizadores com os nossos parceiros comerciais, afiliados de confian\u00e7a e anunciantes para os fins acima descritos. <\/p>\n<p><b>Altera\u00e7\u00f5es a esta pol\u00edtica de privacidade<\/b><\/p>\n<p>O Real Estate WordPress Theme tem o poder de atualizar esta pol\u00edtica de privacidade a qualquer momento. Quando o fizermos, indicaremos a data de atualiza\u00e7\u00e3o no final desta p\u00e1gina. Encorajamos os Utilizadores a verificarem frequentemente esta p\u00e1gina para se manterem informados sobre como estamos a ajudar a proteger as informa\u00e7\u00f5es pessoais que recolhemos. Reconheces e concordas que \u00e9 da tua responsabilidade rever periodicamente esta pol\u00edtica de privacidade e tomar conhecimento das altera\u00e7\u00f5es.   <\/p>\n<p><b>A tua aceita\u00e7\u00e3o destes termos<\/b><\/p>\n<p>Ao utilizares este S\u00edtio, manifestas a tua aceita\u00e7\u00e3o desta pol\u00edtica. Se n\u00e3o concordares com esta pol\u00edtica, n\u00e3o utilizes o nosso S\u00edtio. A tua utiliza\u00e7\u00e3o continuada do S\u00edtio ap\u00f3s a publica\u00e7\u00e3o de altera\u00e7\u00f5es a esta pol\u00edtica ser\u00e1 considerada como a tua aceita\u00e7\u00e3o dessas altera\u00e7\u00f5es.  <\/p>\n","protected":false},"excerpt":{"rendered":"<p>Esta Pol\u00edtica de Privacidade rege a forma como a Real Estate WordPress Theme recolhe, utiliza, mant\u00e9m e divulga as informa\u00e7\u00f5es recolhidas dos utilizadores (cada um, um &#8220;Utilizador&#8221;) do site (&#8220;Site&#8221;). Esta pol\u00edtica de privacidade aplica-se ao Site e a todos os produtos e servi\u00e7os oferecidos pela Real Estate WordPress Theme. Informa\u00e7\u00f5es de identifica\u00e7\u00e3o pessoal Podemos recolher informa\u00e7\u00f5es de identifica\u00e7\u00e3o pessoal dos Utilizadores de v\u00e1rias &#8230;<\/p>\n","protected":false},"author":1,"featured_media":0,"parent":0,"menu_order":0,"comment_status":"closed","ping_status":"closed","template":"page-templates\/terms_conditions.php","meta":{"content-type":"","inline_featured_image":false,"_monsterinsights_skip_tracking":false,"_monsterinsights_sitenote_active":false,"_monsterinsights_sitenote_note":"","_monsterinsights_sitenote_category":0,"footnotes":""},"class_list":["post-33211","page","type-page","status-publish","hentry"],"aioseo_notices":[],"_links":{"self":[{"href":"https:\/\/homzagency.com\/pt-pt\/wp-json\/wp\/v2\/pages\/33211","targetHints":{"allow":["GET"]}}],"collection":[{"href":"https:\/\/homzagency.com\/pt-pt\/wp-json\/wp\/v2\/pages"}],"about":[{"href":"https:\/\/homzagency.com\/pt-pt\/wp-json\/wp\/v2\/types\/page"}],"author":[{"embeddable":true,"href":"https:\/\/homzagency.com\/pt-pt\/wp-json\/wp\/v2\/users\/1"}],"replies":[{"embeddable":true,"href":"https:\/\/homzagency.com\/pt-pt\/wp-json\/wp\/v2\/comments?post=33211"}],"version-history":[{"count":0,"href":"https:\/\/homzagency.com\/pt-pt\/wp-json\/wp\/v2\/pages\/33211\/revisions"}],"wp:attachment":[{"href":"https:\/\/homzagency.com\/pt-pt\/wp-json\/wp\/v2\/media?parent=33211"}],"curies":[{"name":"wp","href":"https:\/\/api.w.org\/{rel}","templated":true}]}}